{"id":1749,"date":"2016-03-08T23:21:10","date_gmt":"2016-03-08T22:21:10","guid":{"rendered":"http:\/\/www.joostrekveld.net\/?page_id=1749"},"modified":"2016-03-08T23:26:15","modified_gmt":"2016-03-08T22:26:15","slug":"sensory-augmentation-workshop","status":"publish","type":"page","link":"https:\/\/www.joostrekveld.net\/?page_id=1749","title":{"rendered":"Sensory Augmentation Workshop"},"content":{"rendered":"<p>(workshop at <a href=\"http:\/\/emafructidor.com\/ema\/\" target=\"_blank\">e|m|a fructidor<\/a>, Chalon-Sur-Saone, France, 2016)<\/p>\n<figure id=\"attachment_1756\" aria-describedby=\"caption-attachment-1756\" style=\"width: 429px\" class=\"wp-caption alignnone\"><a href=\"https:\/\/www.joostrekveld.net\/wp\/wp-content\/uploads\/2016\/03\/parabool.jpg\"><img loading=\"lazy\" decoding=\"async\" class=\"size-full wp-image-1756\" src=\"https:\/\/www.joostrekveld.net\/wp\/wp-content\/uploads\/2016\/03\/parabool.jpg\" alt=\"wearable listening device developed by Dutch armed forces in 1934.\" width=\"429\" height=\"619\" srcset=\"https:\/\/www.joostrekveld.net\/wp\/wp-content\/uploads\/2016\/03\/parabool.jpg 429w, https:\/\/www.joostrekveld.net\/wp\/wp-content\/uploads\/2016\/03\/parabool-130x188.jpg 130w, https:\/\/www.joostrekveld.net\/wp\/wp-content\/uploads\/2016\/03\/parabool-342x494.jpg 342w, https:\/\/www.joostrekveld.net\/wp\/wp-content\/uploads\/2016\/03\/parabool-415x600.jpg 415w\" sizes=\"auto, (max-width: 429px) 100vw, 429px\" \/><\/a><figcaption id=\"caption-attachment-1756\" class=\"wp-caption-text\">wearable listening device developed by Dutch armed forces in 1934.<\/figcaption><\/figure>\n<p>There is a long history of thinking about technology and media as extensions<br \/>\nof the body. According to this idea, the hammer is an extension of our hand,<br \/>\nthe car an extension of our feet and the telescope an extension of our eyes.<br \/>\nIn this workshop we will focus on our senses and investigate the artistic<br \/>\npotential of augmenting them.<br \/>\nWe will talk about different schools of thought about human perception and<br \/>\nfantasize about how it would be to have animal senses. We will talk about<br \/>\nresearch that has been done into developing artificial eyes for blind people<br \/>\nand will think about cyborgs. We will discuss artists who are interested in<br \/>\nrevealing things we can not normally perceive and we will wonder if it is<br \/>\neven possible to understand things we have never perceived before.<br \/>\nIn the workshop we will develop small, wearable devices with the aim to<br \/>\nchange how we perceive. These devices can be optical, acoustical,<br \/>\nmechanical, electronic, digital, conceptual, magical or other. For those<br \/>\ninterested in electronics, there will be the opportunity to build a simple<br \/>\nhaptic interface and investigate how this can be used in combination with an<br \/>\narduino and a sensor in order to become a wearable extra sense.<\/p>\n<p>Atelier de Augmentation Sensorielle<\/p>\n<p>La technologie et les m\u00e9dias ont \u00e9t\u00e9 de longue date parfois consid\u00e9r\u00e9s<br \/>\ncomme une extension du corps. Selon cette id\u00e9e, le marteau serait une<br \/>\nextension de notre main, la voiture une extension de nos pieds ou le<br \/>\nt\u00e9lescope de nos yeux. Dans cet atelier, nous allons nous concentrer<br \/>\nsur nos sens et \u00e9tudier le potentiel artistique qu&#8217;il y a \u00e0 les<br \/>\naugmenter.<br \/>\nNous discuterons de diff\u00e9rentes \u00e9coles de pens\u00e9e relatives \u00e0 la<br \/>\nperception humaine et nous imaginerons les sensations que nous aurions<br \/>\nsi nous avions les organes sensoriels que poss\u00e8dent certains animaux.<br \/>\nNous parlerons des recherches qui ont \u00e9t\u00e9 men\u00e9es dans le d\u00e9veloppement<br \/>\nde la vision artificielle pour les personnes aveugles et \u00e9voquerons<br \/>\n\u00e9galement les cyborgs. Nous examinerons les travaux d&#8217;artistes qui se<br \/>\nsont int\u00e9ress\u00e9s \u00e0 r\u00e9v\u00e9ler des choses que nous ne sommes pas en<br \/>\nprincipe capables de percevoir, et nous nous interrogerons sur la<br \/>\npossibilit\u00e9 de comprendre des choses que nous n&#8217;aurions jamais per\u00e7ues<br \/>\nauparavant.<br \/>\nAu cours de l&#8217;atelier, nous fabriquerons de petits appareils<br \/>\ntransportables qui modifient nos perceptions. Ces dispositifs peuvent<br \/>\n\u00eatre optiques, acoustiques, m\u00e9caniques, \u00e9lectroniques, num\u00e9riques,<br \/>\nconceptuels, magiques ou autre. Pour ceux qui sont int\u00e9ress\u00e9s par<br \/>\nl&#8217;\u00e9lectronique, il sera possible de construire des interfaces tactiles<br \/>\nsimples (avec une arduino et un capteur, par exemple).<\/p>\n","protected":false},"excerpt":{"rendered":"<p>(workshop at e|m|a fructidor, Chalon-Sur-Saone, France, 2016) There is a long history of thinking about technology and media as extensions of the body. According to this idea, the hammer is an extension of our hand, the car an extension of our feet and the telescope an extension of our eyes. In this workshop we will &hellip; <a href=\"https:\/\/www.joostrekveld.net\/?page_id=1749\" class=\"more-link\">Continue reading <span class=\"screen-reader-text\">Sensory Augmentation Workshop<\/span> <span class=\"meta-nav\">&rarr;<\/span><\/a><\/p>\n","protected":false},"author":1,"featured_media":0,"parent":105,"menu_order":77,"comment_status":"closed","ping_status":"closed","template":"","meta":{"footnotes":""},"class_list":["post-1749","page","type-page","status-publish","hentry"],"_links":{"self":[{"href":"https:\/\/www.joostrekveld.net\/index.php?rest_route=\/wp\/v2\/pages\/1749","targetHints":{"allow":["GET"]}}],"collection":[{"href":"https:\/\/www.joostrekveld.net\/index.php?rest_route=\/wp\/v2\/pages"}],"about":[{"href":"https:\/\/www.joostrekveld.net\/index.php?rest_route=\/wp\/v2\/types\/page"}],"author":[{"embeddable":true,"href":"https:\/\/www.joostrekveld.net\/index.php?rest_route=\/wp\/v2\/users\/1"}],"replies":[{"embeddable":true,"href":"https:\/\/www.joostrekveld.net\/index.php?rest_route=%2Fwp%2Fv2%2Fcomments&post=1749"}],"version-history":[{"count":9,"href":"https:\/\/www.joostrekveld.net\/index.php?rest_route=\/wp\/v2\/pages\/1749\/revisions"}],"predecessor-version":[{"id":1760,"href":"https:\/\/www.joostrekveld.net\/index.php?rest_route=\/wp\/v2\/pages\/1749\/revisions\/1760"}],"up":[{"embeddable":true,"href":"https:\/\/www.joostrekveld.net\/index.php?rest_route=\/wp\/v2\/pages\/105"}],"wp:attachment":[{"href":"https:\/\/www.joostrekveld.net\/index.php?rest_route=%2Fwp%2Fv2%2Fmedia&parent=1749"}],"curies":[{"name":"wp","href":"https:\/\/api.w.org\/{rel}","templated":true}]}}