{"id":594,"date":"2007-10-04T22:29:47","date_gmt":"2007-10-04T21:29:47","guid":{"rendered":"http:\/\/www.lumen.nu\/rekveld\/wp\/?page_id=594"},"modified":"2007-10-04T22:54:14","modified_gmt":"2007-10-04T21:54:14","slug":"workshop-st-lukas","status":"publish","type":"page","link":"https:\/\/www.joostrekveld.net\/?page_id=594","title":{"rendered":"workshop St. Lukas"},"content":{"rendered":"<p>On october 8, 9, 10, 2007 I will be giving a three-day workshop at the masters programme Animation at the <a target=\"_blank\" href=\"http:\/\/www4.sintlukas.be\/www\/\">St. Lukas art institute<\/a> in Brussels.<\/p>\n<p>The topic of the workshop is abstract animation and methods for composing the non-narrative aspects of animation. The practical part of the workshop will consist of  developing an animatic  on the basis of the &#8220;Po\u00e8me \u00c9lectronique&#8221; by Edgar Var\u00e8se.<\/p>\n<p>You can download a mono version of the &#8220;Po\u00e8me \u00c9lectronique&#8221; <a title=\"poemelectronique.mov\" target=\"_blank\" href=\"http:\/\/www.lumen.nu\/rekveld\/downloads\/poemelectronique.mov\"> here<\/a>.<\/p>\n<p><img decoding=\"async\" id=\"image595\" alt=\"philipspavinside.jpg\" src=\"https:\/\/www.joostrekveld.net\/wp\/wp-content\/uploads\/2007\/10\/philipspavinside.jpg\" \/><\/p>\n","protected":false},"excerpt":{"rendered":"<p>On october 8, 9, 10, 2007 I will be giving a three-day workshop at the masters programme Animation at the St. Lukas art institute in Brussels. The topic of the workshop is abstract animation and methods for composing the non-narrative aspects of animation. The practical part of the workshop will consist of developing an animatic &hellip; <a href=\"https:\/\/www.joostrekveld.net\/?page_id=594\" class=\"more-link\">Continue reading <span class=\"screen-reader-text\">workshop St. Lukas<\/span> <span class=\"meta-nav\">&rarr;<\/span><\/a><\/p>\n","protected":false},"author":1,"featured_media":0,"parent":105,"menu_order":90,"comment_status":"closed","ping_status":"closed","template":"","meta":{"footnotes":""},"class_list":["post-594","page","type-page","status-publish","hentry"],"_links":{"self":[{"href":"https:\/\/www.joostrekveld.net\/index.php?rest_route=\/wp\/v2\/pages\/594","targetHints":{"allow":["GET"]}}],"collection":[{"href":"https:\/\/www.joostrekveld.net\/index.php?rest_route=\/wp\/v2\/pages"}],"about":[{"href":"https:\/\/www.joostrekveld.net\/index.php?rest_route=\/wp\/v2\/types\/page"}],"author":[{"embeddable":true,"href":"https:\/\/www.joostrekveld.net\/index.php?rest_route=\/wp\/v2\/users\/1"}],"replies":[{"embeddable":true,"href":"https:\/\/www.joostrekveld.net\/index.php?rest_route=%2Fwp%2Fv2%2Fcomments&post=594"}],"version-history":[{"count":0,"href":"https:\/\/www.joostrekveld.net\/index.php?rest_route=\/wp\/v2\/pages\/594\/revisions"}],"up":[{"embeddable":true,"href":"https:\/\/www.joostrekveld.net\/index.php?rest_route=\/wp\/v2\/pages\/105"}],"wp:attachment":[{"href":"https:\/\/www.joostrekveld.net\/index.php?rest_route=%2Fwp%2Fv2%2Fmedia&parent=594"}],"curies":[{"name":"wp","href":"https:\/\/api.w.org\/{rel}","templated":true}]}}